    {"id":183,"date":"2025-09-01T18:07:12","date_gmt":"2025-09-01T18:07:12","guid":{"rendered":"https:\/\/thetrustvita.com\/?page_id=183"},"modified":"2025-09-01T18:35:13","modified_gmt":"2025-09-01T18:35:13","slug":"about","status":"publish","type":"page","link":"https:\/\/thetrustvita.com\/de\/about\/","title":{"rendered":"\u00dcber uns"},"content":{"rendered":"<p><strong>Die Vertrauens-Vita<\/strong> ist Ihre zuverl\u00e4ssige Quelle, um den US-amerikanischen Versicherungsmarkt klar und sicher zu verstehen. Unsere Mission ist es, umfassende Informationen zu Finanzplanung, Versicherungsarten, Branchenvorschriften und Strategien zum Schutz Ihres Verm\u00f6gens und des Wohlergehens Ihrer Familie bereitzustellen.<\/p>\n\n\n\n<p>In einem sich st\u00e4ndig wandelnden Umfeld erkennen wir, dass Informationen oft komplex oder sogar verwirrend erscheinen k\u00f6nnen. Deshalb <strong>Die Vertrauens-Vita<\/strong> ordnet und erkl\u00e4rt die wichtigsten Themen der Versicherungswelt \u2013 von der Auswahl von Krankenversicherungen bis zum Vergleich von Lebens- und Autoversicherungen \u2013 damit Sie wichtige Entscheidungen beruhigt treffen k\u00f6nnen.<\/p>\n\n\n\n<p>W\u00e4hrend wir Trendanalysen, Planbeispiele und Informationen \u00fcber Versicherungsanbieter pr\u00e4sentieren, ist es wichtig hervorzuheben, dass <strong>Die Vertrauens-Vita<\/strong> Wir agieren nicht als Versicherungsmakler und stehen in keiner gesch\u00e4ftlichen Verbindung zu den genannten Unternehmen. Unsere Rolle beschr\u00e4nkt sich ausschlie\u00dflich auf Information und Aufkl\u00e4rung \u2013 wir unterst\u00fctzen Sie dabei, fundierte Entscheidungen zu treffen, ohne dabei Produkte zu vermitteln oder direkt zu verkaufen.<\/p>\n\n\n\n<h2 class=\"wp-block-heading\">Unsere Mission<\/h2>\n\n\n\n<p>Die Mission von <strong>Die Vertrauens-Vita<\/strong> Unser Ziel ist es, Einzelpersonen und Familien in den USA dabei zu unterst\u00fctzen, sicherere und fundiertere Versicherungsentscheidungen zu treffen. Ob Sie Ihre erste Versicherung abschlie\u00dfen, neue Deckungsoptionen pr\u00fcfen oder Ihren finanziellen Schutz an verschiedene Lebensphasen anpassen m\u00f6chten \u2013 wir bieten Ihnen klare und objektive Informationen, die Sie dabei unterst\u00fctzen.<\/p>\n\n\n\n<p>Unser Ziel ist es, verl\u00e4ssliche, aktuelle und fundierte Informationen bereitzustellen, die komplexe Themen verst\u00e4ndlich machen. Von der Frage, was beim Kauf einer Versicherung zu beachten ist, bis hin zur Analyse von Markttrends und regulatorischen Rahmenbedingungen \u2013 wir arbeiten daran, eine realistische Sicht auf die Branche zu vermitteln, ohne unrealistische Versprechungen oder zu vereinfachte L\u00f6sungen.<\/p>\n\n\n\n<h2 class=\"wp-block-heading\">Was Sie hier finden<\/h2>\n\n\n\n<p>Wir strukturieren unsere Inhalte nach den Hauptbed\u00fcrfnissen derjenigen, die den US-amerikanischen Versicherungsmarkt besser verstehen m\u00f6chten, und bieten f\u00fcr jeden Schritt des Prozesses eine strukturierte und leicht zug\u00e4ngliche Anleitung.<\/p>\n\n\n\n<h3 class=\"wp-block-heading\">Versicherungsplanung &amp; Deckungsoptionen<\/h3>\n\n\n\n<p>Entdecken Sie praktische Strategien zur Bewertung verschiedener Versicherungsarten, um herauszufinden, welche Tarife am besten zu Ihrem Profil passen, und um Ihre Auswahl an den Schutzbed\u00fcrfnissen Ihrer Familie und Ihres Verm\u00f6gens auszurichten.<\/p>\n\n\n\n<h3 class=\"wp-block-heading\">Vergleich von Policen und Leistungen<\/h3>\n\n\n\n<p>Wir bieten Tipps und Analysen zum Vergleich von Tarifen, zur Ermittlung relevanter Leistungen und zur Kl\u00e4rung von Klauseln, die oft Unsicherheiten hervorrufen. Unser Ziel ist es, Sie bei sichereren und fundierteren Entscheidungen zu unterst\u00fctzen.<\/p>\n\n\n\n<h3 class=\"wp-block-heading\">Vorschriften und Verbraucherrechte verstehen<\/h3>\n\n\n\n<p>Wir erkl\u00e4ren, wie die Versicherungsbestimmungen in den USA funktionieren und welche Verbraucherrechte Ihnen zustehen. Wir schaffen Klarheit in technischen Fragen und sorgen f\u00fcr mehr Vertrauen beim Abschluss von Versicherungsvertr\u00e4gen.<\/p>\n\n\n\n<h3 class=\"wp-block-heading\">Finanzplanung und Risikomanagement<\/h3>\n\n\n\n<p>Wir teilen Inhalte, die Finanzplanung mit Risikomanagement verbinden und aufzeigen, wie Versicherungen ein wesentlicher Bestandteil einer langfristigen Schutzstrategie sein k\u00f6nnen.<\/p>\n\n\n\n<h3 class=\"wp-block-heading\">Aktuelles zu Trends auf dem Versicherungsmarkt<\/h3>\n\n\n\n<p>Wir bieten Einblicke in Trends und Entwicklungen der Versicherungsbranche und decken dabei alles ab \u2013 von regulatorischen \u00c4nderungen bis hin zu den von gro\u00dfen Versicherern angewandten Praktiken. Diese Inhalte helfen Ihnen, mit den Marktver\u00e4nderungen Schritt zu halten \u2013 und dabei stets zu bedenken, dass <strong>Die Vertrauens-Vita<\/strong> verkauft keine Produkte und vertritt keine Versicherer.<\/p>\n\n\n\n<h2 class=\"wp-block-heading\">Unser Ansatz<\/h2>\n\n\n\n<p>Bei <strong>Die Vertrauens-Vita<\/strong>Wir arbeiten unabh\u00e4ngig und verpflichten uns uneingeschr\u00e4nkt zu Transparenz. Alle ver\u00f6ffentlichten Inhalte werden intern auf Basis von Recherchen, Analysen und verifizierten Daten aus dem Versicherungsmarkt erstellt. Wir nehmen keinerlei Zahlungen f\u00fcr die Bewerbung von Versicherern, Produkten oder bestimmten Tarifen an.<\/p>\n\n\n\n<p>Wir sind \u00fcberzeugt, dass Versicherungen verst\u00e4ndlich, klar und vertrauensw\u00fcrdig sein sollten. Deshalb gehen wir \u00fcber die Theorie hinaus und bieten praktische und n\u00fctzliche Informationen, die auf die Bed\u00fcrfnisse verschiedener Zielgruppen zugeschnitten sind \u2013 von Erstversicherern bis hin zu Kunden, die ihren bestehenden Versicherungsschutz \u00fcberpr\u00fcfen oder erweitern m\u00f6chten.<\/p>\n\n\n\n<p>Unsere Aufgabe ist es, zu informieren und zu beraten \u2013 nicht zu verkaufen oder falsche Erwartungen zu wecken. Das Ziel von <strong>Die Vertrauens-Vita<\/strong> Unser Ziel ist es, Sie mit Klarheit, Respekt und praktischen Werkzeugen zu unterst\u00fctzen, die Ihnen helfen, eine solide und fundierte Strategie zum finanziellen Schutz aufzubauen.<\/p>","protected":false},"excerpt":{"rendered":"<p>The Trust Vita is your reliable source for understanding the U.S. insurance market with clarity and confidence. Our mission is to provide comprehensive content on financial planning, coverage types, industry regulations, and strategies to protect your assets and your family\u2019s well-being. In a constantly evolving landscape, we recognize that information can often seem complex or [&hellip;]<\/p>","protected":false},"author":6,"featured_media":0,"parent":0,"menu_order":0,"comment_status":"closed","ping_status":"closed","template":"page-nosidebar.php","meta":{"footnotes":""},"yoast_head":"<!-- This site is optimized with the Yoast SEO plugin v23.3 - https:\/\/yoast.com\/wordpress\/plugins\/seo\/ -->\n<title>About Us - The Trust Vita<\/title>\n<meta name=\"robots\" content=\"index, follow, max-snippet:-1, max-image-preview:large, max-video-preview:-1\" \/>\n<link rel=\"canonical\" href=\"https:\/\/thetrustvita.com\/de\/about\/\" \/>\n<meta property=\"og:locale\" content=\"de_DE\" \/>\n<meta property=\"og:type\" content=\"article\" \/>\n<meta property=\"og:title\" content=\"About Us - The Trust Vita\" \/>\n<meta property=\"og:description\" content=\"The Trust Vita is your reliable source for understanding the U.S. insurance market with clarity and confidence. Our mission is to provide comprehensive content on financial planning, coverage types, industry regulations, and strategies to protect your assets and your family\u2019s well-being. In a constantly evolving landscape, we recognize that information can often seem complex or [&hellip;]\" \/>\n<meta property=\"og:url\" content=\"https:\/\/thetrustvita.com\/de\/about\/\" \/>\n<meta property=\"og:site_name\" content=\"The Trust Vita\" \/>\n<meta property=\"article:modified_time\" content=\"2025-09-01T18:35:13+00:00\" \/>\n<meta name=\"twitter:card\" content=\"summary_large_image\" \/>\n<meta name=\"twitter:label1\" content=\"Est. reading time\" \/>\n\t<meta name=\"twitter:data1\" content=\"3 Minuten\" \/>\n<script type=\"application\/ld+json\" class=\"yoast-schema-graph\">{\"@context\":\"https:\/\/schema.org\",\"@graph\":[{\"@type\":\"WebPage\",\"@id\":\"https:\/\/thetrustvita.com\/about\/\",\"url\":\"https:\/\/thetrustvita.com\/about\/\",\"name\":\"About Us - The Trust Vita\",\"isPartOf\":{\"@id\":\"https:\/\/thetrustvita.com\/#website\"},\"datePublished\":\"2025-09-01T18:07:12+00:00\",\"dateModified\":\"2025-09-01T18:35:13+00:00\",\"breadcrumb\":{\"@id\":\"https:\/\/thetrustvita.com\/about\/#breadcrumb\"},\"inLanguage\":\"de-CH\",\"potentialAction\":[{\"@type\":\"ReadAction\",\"target\":[\"https:\/\/thetrustvita.com\/about\/\"]}]},{\"@type\":\"BreadcrumbList\",\"@id\":\"https:\/\/thetrustvita.com\/about\/#breadcrumb\",\"itemListElement\":[{\"@type\":\"ListItem\",\"position\":1,\"name\":\"Home\",\"item\":\"https:\/\/thetrustvita.com\/\"},{\"@type\":\"ListItem\",\"position\":2,\"name\":\"About Us\"}]},{\"@type\":\"WebSite\",\"@id\":\"https:\/\/thetrustvita.com\/#website\",\"url\":\"https:\/\/thetrustvita.com\/\",\"name\":\"The Trust Vita\",\"description\":\"\",\"publisher\":{\"@id\":\"https:\/\/thetrustvita.com\/#organization\"},\"potentialAction\":[{\"@type\":\"SearchAction\",\"target\":{\"@type\":\"EntryPoint\",\"urlTemplate\":\"https:\/\/thetrustvita.com\/?s={search_term_string}\"},\"query-input\":\"required name=search_term_string\"}],\"inLanguage\":\"de-CH\"},{\"@type\":\"Organization\",\"@id\":\"https:\/\/thetrustvita.com\/#organization\",\"name\":\"The Trust Vita\",\"url\":\"https:\/\/thetrustvita.com\/\",\"logo\":{\"@type\":\"ImageObject\",\"inLanguage\":\"de-CH\",\"@id\":\"https:\/\/thetrustvita.com\/#\/schema\/logo\/image\/\",\"url\":\"https:\/\/thetrustvita.com\/wp-content\/uploads\/sites\/242\/2025\/09\/cropped-cropped-The-Trust-Vita-transp.png\",\"contentUrl\":\"https:\/\/thetrustvita.com\/wp-content\/uploads\/sites\/242\/2025\/09\/cropped-cropped-The-Trust-Vita-transp.png\",\"width\":512,\"height\":512,\"caption\":\"The Trust Vita\"},\"image\":{\"@id\":\"https:\/\/thetrustvita.com\/#\/schema\/logo\/image\/\"}}]}<\/script>\n<!-- \/ Yoast SEO plugin. -->","yoast_head_json":{"title":"About Us - The Trust Vita","robots":{"index":"index","follow":"follow","max-snippet":"max-snippet:-1","max-image-preview":"max-image-preview:large","max-video-preview":"max-video-preview:-1"},"canonical":"https:\/\/thetrustvita.com\/de\/about\/","og_locale":"de_DE","og_type":"article","og_title":"About Us - The Trust Vita","og_description":"The Trust Vita is your reliable source for understanding the U.S. insurance market with clarity and confidence. Our mission is to provide comprehensive content on financial planning, coverage types, industry regulations, and strategies to protect your assets and your family\u2019s well-being. In a constantly evolving landscape, we recognize that information can often seem complex or [&hellip;]","og_url":"https:\/\/thetrustvita.com\/de\/about\/","og_site_name":"The Trust Vita","article_modified_time":"2025-09-01T18:35:13+00:00","twitter_card":"summary_large_image","twitter_misc":{"Est. reading time":"3 Minuten"},"schema":{"@context":"https:\/\/schema.org","@graph":[{"@type":"WebPage","@id":"https:\/\/thetrustvita.com\/about\/","url":"https:\/\/thetrustvita.com\/about\/","name":"About Us - The Trust Vita","isPartOf":{"@id":"https:\/\/thetrustvita.com\/#website"},"datePublished":"2025-09-01T18:07:12+00:00","dateModified":"2025-09-01T18:35:13+00:00","breadcrumb":{"@id":"https:\/\/thetrustvita.com\/about\/#breadcrumb"},"inLanguage":"de-CH","potentialAction":[{"@type":"ReadAction","target":["https:\/\/thetrustvita.com\/about\/"]}]},{"@type":"BreadcrumbList","@id":"https:\/\/thetrustvita.com\/about\/#breadcrumb","itemListElement":[{"@type":"ListItem","position":1,"name":"Home","item":"https:\/\/thetrustvita.com\/"},{"@type":"ListItem","position":2,"name":"About Us"}]},{"@type":"WebSite","@id":"https:\/\/thetrustvita.com\/#website","url":"https:\/\/thetrustvita.com\/","name":"The Trust Vita","description":"","publisher":{"@id":"https:\/\/thetrustvita.com\/#organization"},"potentialAction":[{"@type":"SearchAction","target":{"@type":"EntryPoint","urlTemplate":"https:\/\/thetrustvita.com\/?s={search_term_string}"},"query-input":"required name=search_term_string"}],"inLanguage":"de-CH"},{"@type":"Organization","@id":"https:\/\/thetrustvita.com\/#organization","name":"The Trust Vita","url":"https:\/\/thetrustvita.com\/","logo":{"@type":"ImageObject","inLanguage":"de-CH","@id":"https:\/\/thetrustvita.com\/#\/schema\/logo\/image\/","url":"https:\/\/thetrustvita.com\/wp-content\/uploads\/sites\/242\/2025\/09\/cropped-cropped-The-Trust-Vita-transp.png","contentUrl":"https:\/\/thetrustvita.com\/wp-content\/uploads\/sites\/242\/2025\/09\/cropped-cropped-The-Trust-Vita-transp.png","width":512,"height":512,"caption":"The Trust Vita"},"image":{"@id":"https:\/\/thetrustvita.com\/#\/schema\/logo\/image\/"}}]}},"_links":{"self":[{"href":"https:\/\/thetrustvita.com\/de\/wp-json\/wp\/v2\/pages\/183"}],"collection":[{"href":"https:\/\/thetrustvita.com\/de\/wp-json\/wp\/v2\/pages"}],"about":[{"href":"https:\/\/thetrustvita.com\/de\/wp-json\/wp\/v2\/types\/page"}],"author":[{"embeddable":true,"href":"https:\/\/thetrustvita.com\/de\/wp-json\/wp\/v2\/users\/6"}],"replies":[{"embeddable":true,"href":"https:\/\/thetrustvita.com\/de\/wp-json\/wp\/v2\/comments?post=183"}],"version-history":[{"count":3,"href":"https:\/\/thetrustvita.com\/de\/wp-json\/wp\/v2\/pages\/183\/revisions"}],"predecessor-version":[{"id":195,"href":"https:\/\/thetrustvita.com\/de\/wp-json\/wp\/v2\/pages\/183\/revisions\/195"}],"wp:attachment":[{"href":"https:\/\/thetrustvita.com\/de\/wp-json\/wp\/v2\/media?parent=183"}],"curies":[{"name":"wp","href":"https:\/\/api.w.org\/{rel}","templated":true}]}}